{"id":13,"date":"2021-11-09T21:29:16","date_gmt":"2021-11-09T21:29:16","guid":{"rendered":"https:\/\/s3d-medical.com\/?page_id=13"},"modified":"2024-11-25T18:18:40","modified_gmt":"2024-11-25T18:18:40","slug":"s3d-medical","status":"publish","type":"page","link":"https:\/\/s3d-medical.com\/en\/s3d-medical","title":{"rendered":"S3D Medical"},"content":{"rendered":"<section class=\"l-section wpb_row height_medium\"><div class=\"l-section-h i-cf\"><div class=\"g-cols via_grid cols_1-2 laptops-cols_inherit tablets-cols_inherit mobiles-cols_1 valign_top type_default\"><div class=\"wpb_column vc_column_container\"><div class=\"vc_column-inner\"><div class=\"w-image align_left\"><div class=\"w-image-h\"><img loading=\"lazy\" decoding=\"async\" width=\"291\" height=\"428\" src=\"https:\/\/s3d-medical.com\/wp-content\/uploads\/2021\/11\/s3d-medical.jpg\" class=\"attachment-large size-large\" alt=\"\" srcset=\"https:\/\/s3d-medical.com\/wp-content\/uploads\/2021\/11\/s3d-medical.jpg 291w, https:\/\/s3d-medical.com\/wp-content\/uploads\/2021\/11\/s3d-medical-204x300.jpg 204w\" sizes=\"auto, (max-width: 291px) 100vw, 291px\" \/><\/div><\/div><\/div><\/div><div class=\"wpb_column vc_column_container\"><div class=\"vc_column-inner\"><div class=\"wpb_text_column\"><div class=\"wpb_wrapper\"><p class=\"translation-block\">S3D Medical - a Europe -and worldwide operating brand of competence for developing and manufacturing medical multimaterial replica printed in 3D.<\/p>\n<\/div><\/div><div class=\"w-separator size_medium\"><\/div><div class=\"wpb_text_column\"><div class=\"wpb_wrapper\"><p>These replica offer a completely new level worldwide for surgical training as well as practically orientated and realistic  developing, testing and demonstrating medical- technical equipment for enterprises and scientific institutions.<\/p>\n<p>Learn more: <u><a href=\"https:\/\/www.youtube.com\/watch?v=Fdd6ms39DPQ\" target=\"_blank\" rel=\"noopener\">https:\/\/www.youtube.com\/watch?v=Fdd6ms39DPQ<\/a><\/u><\/p>\n<\/div><\/div><div class=\"w-separator size_medium\"><\/div><div class=\"wpb_text_column\"><div class=\"wpb_wrapper\"><p><strong>Contact\u00a0<\/strong><\/p>\n<\/div><\/div><div class=\"w-separator size_medium\"><\/div><div class=\"g-cols wpb_row via_grid cols_2 laptops-cols_inherit tablets-cols_inherit mobiles-cols_1 valign_top type_default\"><div class=\"wpb_column vc_column_container\"><div class=\"vc_column-inner\"><div class=\"wpb_text_column us_custom_32d22e91\"><div class=\"wpb_wrapper\"><p><strong>J\u00f6rn-Henrik Stein<\/strong><br \/>\ngeneral manager, customer care<\/p>\n<p><a href=\"mailto:stein@s3d-repro.com\">stein@s3d-repro.com<\/a><\/p>\n<\/div><\/div><\/div><\/div><div class=\"wpb_column vc_column_container\"><div class=\"vc_column-inner\"><div class=\"wpb_text_column us_custom_32d22e91\"><div class=\"wpb_wrapper\"><p><strong>Oliver Simon<\/strong><br \/>\nshareholder, department manager Germany, project manager S3D medical<\/p>\n<p><a href=\"mailto:simon@s3d-repro.com\">simon@s3d-repro.com<\/a><\/p>\n<\/div><\/div><\/div><\/div><\/div><div class=\"w-separator size_medium\"><\/div><div class=\"g-cols wpb_row via_grid cols_2 laptops-cols_inherit tablets-cols_inherit mobiles-cols_1 valign_top type_default\"><div class=\"wpb_column vc_column_container\"><div class=\"vc_column-inner\"><div class=\"wpb_text_column us_custom_32d22e91\"><div class=\"wpb_wrapper\"><p><strong>Christoph Dollbacher<\/strong><br \/>\n3D Design, 3D technology and production<\/p>\n<p><a href=\"mailto:dollbacher@s3d-repro.com\">dollbacher@s3d-repro.com<\/a><\/p>\n<\/div><\/div><\/div><\/div><div class=\"wpb_column vc_column_container\"><div class=\"vc_column-inner\"><div class=\"wpb_text_column us_custom_32d22e91\"><div class=\"wpb_wrapper\"><p><strong>Sandra Zimmerl<\/strong><br \/>\nBackoffice<\/p>\n<p><a href=\"mailto:office@s3d-repro.com\">office@s3d-repro.com<\/a><\/p>\n<\/div><\/div><\/div><\/div><\/div><div class=\"w-separator size_medium\"><\/div><\/div><\/div><\/div><\/div><\/section>","protected":false},"excerpt":{"rendered":"S3D MEDICAL &#8211; europa- und weltweit agierende Kompetenzmarke f\u00fcr die Entwicklung und Herstellung 3D-gedruckter medizinischer Multimaterial- modelle Die Modelle bieten ein weltweit komplett neues Niveau f\u00fcr chirurgische Trainings sowie das praxis- und realit\u00e4tsnahe Entwickeln, Testen und Demonstrieren medizintechnischer Ger\u00e4te f\u00fcr Unternehmen und wissenschaftliche Einrichtungen. Erfahren sie mehr: https:\/\/youtu.be\/oq-_nwOn31A Kontakt:\u00a0 J\u00f6rn-Henrik Stein Gesch\u00e4ftsf\u00fchrender Gesellschafter &amp; Kundenbetreuung...","protected":false},"author":1,"featured_media":0,"parent":0,"menu_order":0,"comment_status":"closed","ping_status":"closed","template":"","meta":{"footnotes":""},"class_list":["post-13","page","type-page","status-publish","hentry"],"_links":{"self":[{"href":"https:\/\/s3d-medical.com\/en\/wp-json\/wp\/v2\/pages\/13","targetHints":{"allow":["GET"]}}],"collection":[{"href":"https:\/\/s3d-medical.com\/en\/wp-json\/wp\/v2\/pages"}],"about":[{"href":"https:\/\/s3d-medical.com\/en\/wp-json\/wp\/v2\/types\/page"}],"author":[{"embeddable":true,"href":"https:\/\/s3d-medical.com\/en\/wp-json\/wp\/v2\/users\/1"}],"replies":[{"embeddable":true,"href":"https:\/\/s3d-medical.com\/en\/wp-json\/wp\/v2\/comments?post=13"}],"version-history":[{"count":22,"href":"https:\/\/s3d-medical.com\/en\/wp-json\/wp\/v2\/pages\/13\/revisions"}],"predecessor-version":[{"id":140,"href":"https:\/\/s3d-medical.com\/en\/wp-json\/wp\/v2\/pages\/13\/revisions\/140"}],"wp:attachment":[{"href":"https:\/\/s3d-medical.com\/en\/wp-json\/wp\/v2\/media?parent=13"}],"curies":[{"name":"wp","href":"https:\/\/api.w.org\/{rel}","templated":true}]}}