{"id":15,"date":"2021-11-09T21:29:26","date_gmt":"2021-11-09T21:29:26","guid":{"rendered":"https:\/\/s3d-medical.com\/?page_id=15"},"modified":"2022-01-18T12:19:25","modified_gmt":"2022-01-18T12:19:25","slug":"modelle","status":"publish","type":"page","link":"https:\/\/s3d-medical.com\/en\/modelle","title":{"rendered":"Models"},"content":{"rendered":"<section class=\"l-section wpb_row height_medium\"><div class=\"l-section-h i-cf\"><div class=\"g-cols via_grid cols_1-2 laptops-cols_inherit tablets-cols_inherit mobiles-cols_1 valign_top type_default\"><div class=\"wpb_column vc_column_container\"><div class=\"vc_column-inner\"><div class=\"w-image align_left\"><div class=\"w-image-h\"><img loading=\"lazy\" decoding=\"async\" width=\"292\" height=\"427\" src=\"https:\/\/s3d-medical.com\/wp-content\/uploads\/2021\/11\/Modelle.jpg\" class=\"attachment-large size-large\" alt=\"\" srcset=\"https:\/\/s3d-medical.com\/wp-content\/uploads\/2021\/11\/Modelle.jpg 292w, https:\/\/s3d-medical.com\/wp-content\/uploads\/2021\/11\/Modelle-205x300.jpg 205w\" sizes=\"auto, (max-width: 292px) 100vw, 292px\" \/><\/div><\/div><\/div><\/div><div class=\"wpb_column vc_column_container\"><div class=\"vc_column-inner\"><div class=\"wpb_text_column\"><div class=\"wpb_wrapper\"><p>Basing on patient - specific DICOM - data or specifically modelled in 3D, we produce realistic medical replica on demand:<\/p>\n<ul>\n<li>neurological  replica of vessels with pathology<\/li>\n<li>coronary replica with pathological deviancies<\/li>\n<li>organs and systems of organs<\/li>\n<li>bones and joints<\/li>\n<\/ul>\n<\/div><\/div><div class=\"w-separator size_medium\"><\/div><div class=\"w-image align_left\"><div class=\"w-image-h\"><img loading=\"lazy\" decoding=\"async\" width=\"527\" height=\"131\" src=\"https:\/\/s3d-medical.com\/wp-content\/uploads\/2021\/11\/Modelle_.jpg\" class=\"attachment-full size-full\" alt=\"\" srcset=\"https:\/\/s3d-medical.com\/wp-content\/uploads\/2021\/11\/Modelle_.jpg 527w, https:\/\/s3d-medical.com\/wp-content\/uploads\/2021\/11\/Modelle_-300x75.jpg 300w\" sizes=\"auto, (max-width: 527px) 100vw, 527px\" \/><\/div><\/div><\/div><\/div><\/div><\/div><\/section>","protected":false},"excerpt":{"rendered":"Basierend auf patientenechten DICOM-Daten oder situationsspezifisch 3D-modelliert, produzieren wir realit\u00e4tsgetreue medizinische Modelle nach Bedarf: Neurologische Gef\u00e4\u00dfmodelle mit Pathologien Koronarmodelle mit pathologischen Ver\u00e4nderungen Organe und Organsysteme Knochen und Gelenke","protected":false},"author":1,"featured_media":0,"parent":0,"menu_order":0,"comment_status":"closed","ping_status":"closed","template":"","meta":{"footnotes":""},"class_list":["post-15","page","type-page","status-publish","hentry"],"_links":{"self":[{"href":"https:\/\/s3d-medical.com\/en\/wp-json\/wp\/v2\/pages\/15","targetHints":{"allow":["GET"]}}],"collection":[{"href":"https:\/\/s3d-medical.com\/en\/wp-json\/wp\/v2\/pages"}],"about":[{"href":"https:\/\/s3d-medical.com\/en\/wp-json\/wp\/v2\/types\/page"}],"author":[{"embeddable":true,"href":"https:\/\/s3d-medical.com\/en\/wp-json\/wp\/v2\/users\/1"}],"replies":[{"embeddable":true,"href":"https:\/\/s3d-medical.com\/en\/wp-json\/wp\/v2\/comments?post=15"}],"version-history":[{"count":5,"href":"https:\/\/s3d-medical.com\/en\/wp-json\/wp\/v2\/pages\/15\/revisions"}],"predecessor-version":[{"id":93,"href":"https:\/\/s3d-medical.com\/en\/wp-json\/wp\/v2\/pages\/15\/revisions\/93"}],"wp:attachment":[{"href":"https:\/\/s3d-medical.com\/en\/wp-json\/wp\/v2\/media?parent=15"}],"curies":[{"name":"wp","href":"https:\/\/api.w.org\/{rel}","templated":true}]}}