{"id":87,"date":"2021-11-09T22:28:35","date_gmt":"2021-11-09T22:28:35","guid":{"rendered":"https:\/\/s3d-medical.com\/?page_id=87"},"modified":"2022-01-19T10:19:40","modified_gmt":"2022-01-19T10:19:40","slug":"impressum","status":"publish","type":"page","link":"https:\/\/s3d-medical.com\/en\/impressum","title":{"rendered":"Imprint"},"content":{"rendered":"<section class=\"l-section wpb_row height_medium\"><div class=\"l-section-h i-cf\"><div class=\"g-cols via_grid cols_1 laptops-cols_inherit tablets-cols_inherit mobiles-cols_1 valign_top type_default\"><div class=\"wpb_column vc_column_container\"><div class=\"vc_column-inner\"><div class=\"wpb_text_column\"><div class=\"wpb_wrapper\"><h3>IMPRESSUM | \u00a0AGB<\/h3>\n<h4>Medieninhaber und Herausgeber:<\/h4>\n<div><strong>S3D Repro GmbH<\/strong><\/div>\n<div>Ochsenburger Stra\u00dfe 2<\/div>\n<div>3151 St. P\u00f6lten, Austria<\/div>\n<div>J\u00f6rn-Henrik Stein <a href=\"mailto:stein@s3d-repro.com\">stein@s3d-repro.com<\/a><\/div>\n<div>T +43 2742 44580<br \/>\nM +43 676\/842 460 300<\/div>\n<p>FN\u00a0435796 b\u00a0Krems<br \/>\nUID: ATU69699926<\/p>\n<h4>Gesch\u00e4ftsf\u00fchrung:<\/h4>\n<p>J\u00f6rn-Henrik Stein<br \/>\nIhre Anregungen zu www.s3d-repro.com helfen uns,<br \/>\ndie Informationen und Services f\u00fcr Sie zu verbessern.<\/p>\n<h4>Allgemeine Gesch\u00e4ftsbedingungen<\/h4>\n<p>hier\u00a0<a href=\"https:\/\/www.schiner3drepro.com\/wp-content\/uploads\/2019\/06\/AGB_15.6.2015.pdf\" target=\"_blank\" rel=\"noopener noreferrer\">AGB herunterladen<\/a><\/p>\n<\/div><\/div><\/div><\/div><\/div><\/div><\/section>","protected":false},"excerpt":{"rendered":"IMPRESSUM | \u00a0AGB Medieninhaber und Herausgeber: S3D Repro GmbH Ochsenburger Stra\u00dfe 2 3151 St. P\u00f6lten, Austria J\u00f6rn-Henrik Stein stein@s3d-repro.com T +43 2742 44580 M +43 676\/842 460 300 FN\u00a0435796 b\u00a0Krems UID: ATU69699926 Gesch\u00e4ftsf\u00fchrung: J\u00f6rn-Henrik Stein Ihre Anregungen zu www.s3d-repro.com helfen uns, die Informationen und Services f\u00fcr Sie zu verbessern. Allgemeine Gesch\u00e4ftsbedingungen hier\u00a0AGB herunterladen","protected":false},"author":1,"featured_media":0,"parent":0,"menu_order":0,"comment_status":"closed","ping_status":"closed","template":"","meta":{"footnotes":""},"class_list":["post-87","page","type-page","status-publish","hentry"],"_links":{"self":[{"href":"https:\/\/s3d-medical.com\/en\/wp-json\/wp\/v2\/pages\/87","targetHints":{"allow":["GET"]}}],"collection":[{"href":"https:\/\/s3d-medical.com\/en\/wp-json\/wp\/v2\/pages"}],"about":[{"href":"https:\/\/s3d-medical.com\/en\/wp-json\/wp\/v2\/types\/page"}],"author":[{"embeddable":true,"href":"https:\/\/s3d-medical.com\/en\/wp-json\/wp\/v2\/users\/1"}],"replies":[{"embeddable":true,"href":"https:\/\/s3d-medical.com\/en\/wp-json\/wp\/v2\/comments?post=87"}],"version-history":[{"count":4,"href":"https:\/\/s3d-medical.com\/en\/wp-json\/wp\/v2\/pages\/87\/revisions"}],"predecessor-version":[{"id":127,"href":"https:\/\/s3d-medical.com\/en\/wp-json\/wp\/v2\/pages\/87\/revisions\/127"}],"wp:attachment":[{"href":"https:\/\/s3d-medical.com\/en\/wp-json\/wp\/v2\/media?parent=87"}],"curies":[{"name":"wp","href":"https:\/\/api.w.org\/{rel}","templated":true}]}}